{"id":562,"date":"2024-03-26T02:56:07","date_gmt":"2024-03-26T02:56:07","guid":{"rendered":"https:\/\/hashrate.space\/?page_id=562"},"modified":"2024-09-08T23:16:15","modified_gmt":"2024-09-08T23:16:15","slug":"services","status":"publish","type":"page","link":"http:\/\/hashrate.space\/es\/services\/","title":{"rendered":"Servicios"},"content":{"rendered":"<div id=\"fws_69d4f92172030\"  data-column-margin=\"default\" data-midnight=\"light\" data-top-percent=\"4%\" data-bottom-percent=\"1%\"  class=\"wpb_row vc_row-fluid vc_row full-width-section\"  style=\"padding-top: calc(100vw * 0.04); padding-bottom: calc(100vw * 0.01); \"><div class=\"row-bg-wrap\" data-bg-animation=\"none\" data-bg-animation-delay=\"\" data-bg-overlay=\"false\"><div class=\"inner-wrap row-bg-layer using-image\" ><div class=\"row-bg viewport-desktop using-image\"  style=\"background-image: url(https:\/\/hashrate.space\/wp-content\/uploads\/Fabrizio-Hash.png); background-position: left top; background-repeat: no-repeat; \"><\/div><\/div><\/div><div class=\"row_col_wrap_12 col span_12 light left\">\n\t<div  class=\"vc_col-sm-6 wpb_column column_container vc_column_container col no-extra-padding force-desktop-text-align-left inherit_tablet inherit_phone\"  data-padding-pos=\"all\" data-has-bg-color=\"false\" data-bg-color=\"\" data-bg-opacity=\"1\" data-animation=\"\" data-delay=\"0\" >\n\t\t<div class=\"vc_column-inner\" >\n\t\t\t<div class=\"wpb_wrapper\">\n\t\t\t\t<div id=\"fws_69d4f92172c77\" data-midnight=\"\" data-column-margin=\"default\" class=\"wpb_row vc_row-fluid vc_row inner_row\"  style=\"padding-top: 5%; \"><div class=\"row-bg-wrap\"> <div class=\"row-bg\" ><\/div> <\/div><div class=\"row_col_wrap_12_inner col span_12  left\">\n\t<div style=\"margin-top: 5%; \" class=\"vc_col-sm-12 wpb_column column_container vc_column_container col child_column no-extra-padding inherit_tablet inherit_phone\"   data-padding-pos=\"all\" data-has-bg-color=\"false\" data-bg-color=\"\" data-bg-opacity=\"1\" data-animation=\"\" data-delay=\"0\" >\n\t\t<div class=\"vc_column-inner\" >\n\t\t<div class=\"wpb_wrapper\">\n\t\t\t\n<div class=\"wpb_text_column wpb_content_element\" >\n\t<div class=\"wpb_wrapper\">\n\t\t<h2>Plataforma de infraestructura\nde alto rendimiento y totalmente administrada<\/h2>\n\t<\/div>\n<\/div>\n\n\n\n\n<div class=\"wpb_text_column wpb_content_element\" >\n\t<div class=\"wpb_wrapper\">\n\t\t<h4><strong>Hashrate Space<\/strong> distribuidor l\u00edder de equipos de miner\u00eda de criptomonedas en Am\u00e9rica del Sur ofrecemos una amplia gama de soluciones de miner\u00eda para operaciones de cualquier escala.<\/h4>\n\t<\/div>\n<\/div>\n\n\n\n<div class=\"divider-wrap\" data-alignment=\"default\"><div style=\"height: 200px;\" class=\"divider\"><\/div><\/div>\n\t\t<\/div> \n\t<\/div>\n\t<\/div> \n<\/div><\/div><div id=\"fws_69d4f921737b3\" data-midnight=\"\" data-column-margin=\"default\" class=\"wpb_row vc_row-fluid vc_row inner_row\"  style=\"\"><div class=\"row-bg-wrap\"> <div class=\"row-bg\" ><\/div> <\/div><div class=\"row_col_wrap_12_inner col span_12  left\">\n\t<div  class=\"vc_col-sm-12 wpb_column column_container vc_column_container col child_column has-animation no-extra-padding inherit_tablet inherit_phone\"   data-padding-pos=\"all\" data-has-bg-color=\"false\" data-bg-color=\"\" data-bg-opacity=\"1\" data-animation=\"fade-in-from-bottom\" data-delay=\"0\" >\n\t\t<div class=\"vc_column-inner\" >\n\t\t<div class=\"wpb_wrapper\">\n\t\t\t\n\t\t<\/div> \n\t<\/div>\n\t<\/div> \n<\/div><\/div>\n\t\t\t<\/div> \n\t\t<\/div>\n\t<\/div> \n\n\t<div  class=\"vc_col-sm-6 wpb_column column_container vc_column_container col no-extra-padding inherit_tablet inherit_phone\"  data-padding-pos=\"all\" data-has-bg-color=\"false\" data-bg-color=\"\" data-bg-opacity=\"1\" data-animation=\"\" data-delay=\"0\" >\n\t\t<div class=\"vc_column-inner\" >\n\t\t\t<div class=\"wpb_wrapper\">\n\t\t\t\t\n\t\t\t<\/div> \n\t\t<\/div>\n\t<\/div> \n<\/div><\/div>\n\t\t<div id=\"services\"  data-column-margin=\"default\" data-midnight=\"dark\" data-top-percent=\"7%\" data-bottom-percent=\"7%\"  class=\"wpb_row vc_row-fluid vc_row full-width-section\"  style=\"padding-top: calc(100vw * 0.07); padding-bottom: calc(100vw * 0.07); \"><div class=\"row-bg-wrap\" data-bg-animation=\"none\" data-bg-animation-delay=\"\" data-bg-overlay=\"false\"><div class=\"inner-wrap row-bg-layer\" ><div class=\"row-bg viewport-desktop\"  style=\"\"><\/div><\/div><\/div><div class=\"row_col_wrap_12 col span_12 dark left\">\n\t<div  class=\"vc_col-sm-4 wpb_column column_container vc_column_container col has-animation padding-1-percent inherit_tablet inherit_phone\"  data-padding-pos=\"all\" data-has-bg-color=\"false\" data-bg-color=\"\" data-bg-opacity=\"1\" data-animation=\"reveal-from-bottom\" data-delay=\"0\" >\n\t\t<div class=\"vc_column-inner\" >\n\t\t\t<div class=\"wpb_wrapper\">\n\t\t\t\t<div class=\"nectar-fancy-box using-img  box_color_ffffff\" data-style=\"color_box_hover\" data-animation=\"\" data-hover-o=\"0.1\" data-border-radius=\"5px\" data-border=\"true\" data-box-color-opacity=\"1\" data-delay=\"\" data-alignment=\"left\" data-color=\"extra-color-gradient-1\" ><div class=\"box-inner-wrap\"><div class=\"box-bg\"  style=\"background-image: url('https:\/\/hashrate.space\/wp-content\/uploads\/background.png'); \"><\/div> <div class=\"inner\" style=\"min-height: 50px\"><div class=\"inner-wrap\">\n<h4><span class=\"OYPEnA text-decoration-none text-strikethrough-none\">Equipos de miner\u00eda ASIC<\/span><\/h4>\n<\/div><\/div>  <\/div> <\/div><div class=\"nectar-fancy-box using-img  box_color_ffffff\" data-style=\"color_box_hover\" data-animation=\"\" data-hover-o=\"0.1\" data-border-radius=\"5px\" data-border=\"true\" data-box-color-opacity=\"1\" data-delay=\"\" data-alignment=\"left\" data-color=\"extra-color-gradient-1\" ><div class=\"box-inner-wrap\"><div class=\"box-bg\"  style=\"background-image: url('https:\/\/hashrate.space\/wp-content\/uploads\/background.png'); \"><\/div> <div class=\"inner\" style=\"min-height: 50px\"><div class=\"inner-wrap\">\n<h4><span class=\"OYPEnA text-decoration-none text-strikethrough-none\">Conectividad de red<\/span><\/h4>\n<\/div><\/div>  <\/div> <\/div>\n\t\t\t<\/div> \n\t\t<\/div>\n\t<\/div> \n\n\t<div  class=\"vc_col-sm-4 wpb_column column_container vc_column_container col has-animation padding-1-percent inherit_tablet inherit_phone\"  data-padding-pos=\"all\" data-has-bg-color=\"false\" data-bg-color=\"\" data-bg-opacity=\"1\" data-animation=\"reveal-from-bottom\" data-delay=\"200\" >\n\t\t<div class=\"vc_column-inner\" >\n\t\t\t<div class=\"wpb_wrapper\">\n\t\t\t\t<div class=\"nectar-fancy-box using-img  box_color_ffffff\" data-style=\"color_box_hover\" data-animation=\"\" data-hover-o=\"0.1\" data-border-radius=\"5px\" data-border=\"true\" data-box-color-opacity=\"1\" data-delay=\"\" data-alignment=\"left\" data-color=\"extra-color-gradient-1\" ><div class=\"box-inner-wrap\"><div class=\"box-bg\"  style=\"background-image: url('https:\/\/hashrate.space\/wp-content\/uploads\/background.png'); \"><\/div> <div class=\"inner\" style=\"min-height: 50px\"><div class=\"inner-wrap\">\n<h4><span class=\"OYPEnA text-decoration-none text-strikethrough-none\">Instalaci\u00f3n\u00a0<\/span><\/h4>\n<\/div><\/div>  <\/div> <\/div><div class=\"nectar-fancy-box using-img  box_color_ffffff\" data-style=\"color_box_hover\" data-animation=\"\" data-hover-o=\"0.1\" data-border-radius=\"5px\" data-border=\"true\" data-box-color-opacity=\"1\" data-delay=\"\" data-alignment=\"left\" data-color=\"extra-color-gradient-1\" ><div class=\"box-inner-wrap\"><div class=\"box-bg\"  style=\"background-image: url('https:\/\/hashrate.space\/wp-content\/uploads\/background.png'); \"><\/div> <div class=\"inner\" style=\"min-height: 50px\"><div class=\"inner-wrap\">\n<h4><span class=\"OYPEnA text-decoration-none text-strikethrough-none\">Seguridad 24\/7<\/span><\/h4>\n<\/div><\/div>  <\/div> <\/div>\n\t\t\t<\/div> \n\t\t<\/div>\n\t<\/div> \n\n\t<div  class=\"vc_col-sm-4 wpb_column column_container vc_column_container col has-animation padding-1-percent inherit_tablet inherit_phone\"  data-padding-pos=\"all\" data-has-bg-color=\"false\" data-bg-color=\"\" data-bg-opacity=\"1\" data-animation=\"reveal-from-bottom\" data-delay=\"400\" >\n\t\t<div class=\"vc_column-inner\" >\n\t\t\t<div class=\"wpb_wrapper\">\n\t\t\t\t<div class=\"nectar-fancy-box using-img  box_color_ffffff\" data-style=\"color_box_hover\" data-animation=\"\" data-hover-o=\"0.1\" data-border-radius=\"5px\" data-border=\"true\" data-box-color-opacity=\"1\" data-delay=\"\" data-alignment=\"left\" data-color=\"extra-color-gradient-1\" ><div class=\"box-inner-wrap\"><div class=\"box-bg\"  style=\"background-image: url('https:\/\/hashrate.space\/wp-content\/uploads\/background.png'); \"><\/div> <div class=\"inner\" style=\"min-height: 50px\"><div class=\"inner-wrap\">\n<h4><span class=\"OYPEnA text-decoration-none text-strikethrough-none\">Reparaciones en sitio<\/span><\/h4>\n<\/div><\/div>  <\/div> <\/div><div class=\"nectar-fancy-box using-img  box_color_ffffff\" data-style=\"color_box_hover\" data-animation=\"\" data-hover-o=\"0.1\" data-border-radius=\"5px\" data-border=\"true\" data-box-color-opacity=\"1\" data-delay=\"\" data-alignment=\"left\" data-color=\"extra-color-gradient-1\" ><div class=\"box-inner-wrap\"><div class=\"box-bg\"  style=\"background-image: url('https:\/\/hashrate.space\/wp-content\/uploads\/background.png'); \"><\/div> <div class=\"inner\" style=\"min-height: 50px\"><div class=\"inner-wrap\">\n<h4>Seguro del equipamiento<\/h4>\n<\/div><\/div>  <\/div> <\/div>\n\t\t\t<\/div> \n\t\t<\/div>\n\t<\/div> \n<\/div><\/div>\n\t\t<div id=\"fws_69d4f9217b179\"  data-column-margin=\"default\" data-midnight=\"light\" data-top-percent=\"10%\" data-bottom-percent=\"10%\"  class=\"wpb_row vc_row-fluid vc_row full-width-section vc_row-o-equal-height vc_row-flex vc_row-o-content-top parallax_section\"  style=\"padding-top: calc(100vw * 0.10); padding-bottom: calc(100vw * 0.10); \"><div class=\"row-bg-wrap\" data-bg-animation=\"none\" data-bg-animation-delay=\"\" data-bg-overlay=\"true\"><div class=\"inner-wrap row-bg-layer using-image\" ><div class=\"row-bg viewport-desktop using-image using-bg-color\" data-parallax-speed=\"fast\" style=\"background-image: url(https:\/\/hashrate.space\/wp-content\/uploads\/Equipos-Hashrate.png); background-position: center center; background-repeat: no-repeat; background-color: #1e1e1e; \"><\/div><\/div><div class=\"row-bg-overlay row-bg-layer\" style=\"background: #0069ff; background: linear-gradient(45deg,#0069ff 0%,#5cc866 100%);  opacity: 0.8; \"><\/div><\/div><div class=\"row_col_wrap_12 col span_12 light left\">\n\t<div  class=\"vc_col-sm-6 wpb_column column_container vc_column_container col has-animation no-extra-padding inherit_tablet inherit_phone\"  data-padding-pos=\"all\" data-has-bg-color=\"false\" data-bg-color=\"\" data-bg-opacity=\"1\" data-animation=\"fade-in-from-bottom\" data-delay=\"0\" >\n\t\t<div class=\"vc_column-inner\" >\n\t\t\t<div class=\"wpb_wrapper\">\n\t\t\t\t<h2 style=\"font-size: 50px;line-height: 97px;text-align: left;font-family:Roboto;font-weight:700;font-style:normal\" class=\"vc_custom_heading\" >Como funciona ?<\/h2>\n<div class=\"wpb_text_column wpb_content_element\" >\n\t<div class=\"wpb_wrapper\">\n\t\t<h3>Si buscas el mejor hosting profesional para tus equipo de miner\u00eda.<br \/>\n\u00a1 Podemos ayudarte !<\/h3>\n\t<\/div>\n<\/div>\n\n\n\n\n\t\t\t<\/div> \n\t\t<\/div>\n\t<\/div> \n\n\t<div  class=\"vc_col-sm-6 wpb_column column_container vc_column_container col no-extra-padding inherit_tablet inherit_phone\"  data-padding-pos=\"all\" data-has-bg-color=\"false\" data-bg-color=\"\" data-bg-opacity=\"1\" data-animation=\"\" data-delay=\"0\" >\n\t\t<div class=\"vc_column-inner\" >\n\t\t\t<div class=\"wpb_wrapper\">\n\t\t\t\t<div id=\"fws_69d4f9217cd69\" data-midnight=\"\" data-column-margin=\"default\" class=\"wpb_row vc_row-fluid vc_row inner_row\"  style=\"\"><div class=\"row-bg-wrap\"> <div class=\"row-bg\" ><\/div> <\/div><div class=\"row_col_wrap_12_inner col span_12  left\">\n\t<div  class=\"vc_col-sm-6 wpb_column column_container vc_column_container col child_column has-animation no-extra-padding inherit_tablet inherit_phone\"   data-padding-pos=\"all\" data-has-bg-color=\"false\" data-bg-color=\"\" data-bg-opacity=\"1\" data-animation=\"fade-in\" data-delay=\"0\" >\n\t\t<div class=\"vc_column-inner\" >\n\t\t<div class=\"wpb_wrapper\">\n\t\t\t<div class=\"nectar_icon_wrap\" data-style=\"default\" data-padding=\"10px\" data-color=\"accent-color\" style=\"\" >\n\t\t<div class=\"nectar_icon icon_color_custom_ffffff\" ><i style=\"font-size: 64px; line-height: 64px; height: 64px; width: 64px;\" class=\"fa fa-shopping-cart\"><\/i><\/div>\n\t<\/div>\n<div class=\"wpb_text_column wpb_content_element\" >\n\t<div class=\"wpb_wrapper\">\n\t\t<p><strong><em>Compra<\/em><\/strong><\/p>\n\t<\/div>\n<\/div>\n\n\n\n<div class=\"nectar_icon_wrap\" data-style=\"default\" data-padding=\"10px\" data-color=\"accent-color\" style=\"\" >\n\t\t<div class=\"nectar_icon icon_color_custom_ffffff\" ><i style=\"font-size: 64px; line-height: 64px; height: 64px; width: 64px;\" class=\"fa fa-plane\"><\/i><\/div>\n\t<\/div>\n<div class=\"wpb_text_column wpb_content_element\" >\n\t<div class=\"wpb_wrapper\">\n\t\t<p><strong><i>Env\u00edo<\/i><\/strong><\/p>\n\t<\/div>\n<\/div>\n\n\n\n\n\t\t<\/div> \n\t<\/div>\n\t<\/div> \n\n\t<div  class=\"vc_col-sm-6 wpb_column column_container vc_column_container col child_column has-animation no-extra-padding inherit_tablet inherit_phone\"   data-padding-pos=\"all\" data-has-bg-color=\"false\" data-bg-color=\"\" data-bg-opacity=\"1\" data-animation=\"fade-in\" data-delay=\"0\" >\n\t\t<div class=\"vc_column-inner\" >\n\t\t<div class=\"wpb_wrapper\">\n\t\t\t<div class=\"nectar_icon_wrap\" data-style=\"default\" data-padding=\"10px\" data-color=\"white\" style=\"\" >\n\t\t<div class=\"nectar_icon\" ><i style=\"font-size: 64px; line-height: 64px; height: 64px; width: 64px;\" class=\"fa fa-download\"><\/i><\/div>\n\t<\/div>\n<div class=\"wpb_text_column wpb_content_element\" >\n\t<div class=\"wpb_wrapper\">\n\t\t<p><strong><em>Despacho y legalizaci\u00f3n<\/em><\/strong><\/p>\n\t<\/div>\n<\/div>\n\n\n\n<div class=\"nectar_icon_wrap\" data-style=\"default\" data-padding=\"10px\" data-color=\"white\" style=\"\" >\n\t\t<div class=\"nectar_icon\" ><i style=\"font-size: 64px; line-height: 64px; height: 64px; width: 64px;\" class=\"fa fa-btc\"><\/i><\/div>\n\t<\/div>\n<div class=\"wpb_text_column wpb_content_element\" >\n\t<div class=\"wpb_wrapper\">\n\t\t<p><strong><em>Configuraci\u00f3n y a minar<\/em><\/strong><\/p>\n\t<\/div>\n<\/div>\n\n\n\n\n\t\t<\/div> \n\t<\/div>\n\t<\/div> \n<\/div><\/div>\n\t\t\t<\/div> \n\t\t<\/div>\n\t<\/div> \n<\/div><\/div>","protected":false},"excerpt":{"rendered":"High-performance &amp; Fully Managed infrastructure Platform Hashrate Space is a leading distributor of crypto mining equipment in South America and offers a wide range of mining solutions for operations of...","protected":false},"author":1,"featured_media":0,"parent":0,"menu_order":0,"comment_status":"closed","ping_status":"closed","template":"","meta":{"footnotes":""},"class_list":["post-562","page","type-page","status-publish"],"_links":{"self":[{"href":"http:\/\/hashrate.space\/es\/wp-json\/wp\/v2\/pages\/562","targetHints":{"allow":["GET"]}}],"collection":[{"href":"http:\/\/hashrate.space\/es\/wp-json\/wp\/v2\/pages"}],"about":[{"href":"http:\/\/hashrate.space\/es\/wp-json\/wp\/v2\/types\/page"}],"author":[{"embeddable":true,"href":"http:\/\/hashrate.space\/es\/wp-json\/wp\/v2\/users\/1"}],"replies":[{"embeddable":true,"href":"http:\/\/hashrate.space\/es\/wp-json\/wp\/v2\/comments?post=562"}],"version-history":[{"count":146,"href":"http:\/\/hashrate.space\/es\/wp-json\/wp\/v2\/pages\/562\/revisions"}],"predecessor-version":[{"id":1294,"href":"http:\/\/hashrate.space\/es\/wp-json\/wp\/v2\/pages\/562\/revisions\/1294"}],"wp:attachment":[{"href":"http:\/\/hashrate.space\/es\/wp-json\/wp\/v2\/media?parent=562"}],"curies":[{"name":"wp","href":"https:\/\/api.w.org\/{rel}","templated":true}]}}